{"id":25186,"date":"2024-01-15T13:41:22","date_gmt":"2024-01-15T13:41:22","guid":{"rendered":"https:\/\/divinecart.com\/?post_type=product&#038;p=25186"},"modified":"2026-02-14T16:15:42","modified_gmt":"2026-02-14T16:15:42","slug":"chatuhsutri-brahmasutram","status":"publish","type":"product","link":"https:\/\/divinecart.com\/?product=chatuhsutri-brahmasutram","title":{"rendered":"Chatuhsutri Brahmasutram"},"content":{"rendered":"<h1 style=\"text-align: center\">\u091a\u0924\u0941\u0903\u0938\u0942\u0924\u094d\u0930\u0940 \u092c\u094d\u0930\u0939\u094d\u092e\u0938\u0942\u0924\u094d\u0930\u092e\u094d<\/h1>\n<h4 style=\"text-align: center\">\u0965 \u0936\u093e\u0919\u094d\u200c\u0915\u0930\u092d\u093e\u0937\u094d\u092f-\u0928\u094d\u092f\u093e\u092f\u0928\u093f\u0930\u094d\u0923\u092f \u0930\u0924\u094d\u0928\u092a\u094d\u0930\u092d\u093e \u0932\u0932\u093f\u0924\u093e\u0935\u094d\u092f\u093e\u0916\u094d\u092f\u093e\u092f\u0941\u0924\u092e\u091f\u0940\u092a\u094d\u092a\u0923\u092c\u094d\u0930\u0939\u094d\u092e\u0938\u0942\u0924\u094d\u0930\u092e\u094d \u0965<\/h4>\n<p style=\"text-align: center\">\u5350<\/p>\n<h3 style=\"text-align: center\">\u0917\u094b\u0935\u093f\u0928\u094d\u0926\u092a\u094d\u0930\u0938\u093e\u0926\u093f\u0928\u0940 \u091f\u0940\u092a\u094d\u092a\u0923\u0940\u0915\u093e\u0930 \u0935\u093f\u0926\u094d\u092f\u093e\u0935\u093e\u091a\u0938\u094d\u092a\u0924\u093f\u092e\u0939\u093e\u092e\u0923\u094d\u0921\u0932\u0947 \u092a\u0930 \u0965 \u0936\u094d\u0930\u0940\u092e\u0924\u094d\u0938\u094d\u0935\u093e\u092e\u0940 \u0935\u093f\u0937\u094d\u0923\u0941\u0926\u0947\u0935\u093e\u0928\u0928\u094d\u0926 \u0917\u093f\u0930\u093f\u091c\u0940 \u092e\u0939\u093e\u0930\u093e\u091c \u0965<\/h3>\n<p style=\"text-align: center\">\u5350<\/p>\n<h4 style=\"text-align: center\">\u0932\u0932\u093f\u0924\u093e\u0935\u094d\u092f\u093e\u0916\u094d\u092f\u093e\u0915\u093e\u0930 \u0935\u0947\u0926\u093e\u0928\u094d\u0924\u0938\u0930\u094d\u0935\u0926\u0930\u094d\u0936\u0928\u093e\u091a\u093e\u0930\u094d\u092f \u0936\u094d\u0930\u0940 \u0915\u0948\u0932\u093e\u0938\u0926\u0936\u092e\u092a\u0940\u0920\u093e\u0927\u0940\u0936\u094d\u0935\u0930 \u0906\u091a\u093e\u0930\u094d\u092f \u092e\u0939\u093e\u092e\u0923\u094d\u0921\u0932\u0947\u0936\u094d\u0935\u0930 \u0965 \u0936\u094d\u0930\u0940\u092e\u0924\u094d\u0938\u094d\u0935\u093e\u092e\u0940 \u0935\u093f\u0926\u094d\u092f\u093e\u0928\u0928\u094d\u0926 \u0917\u093f\u0930\u093f\u091c\u0940 \u092e\u0939\u093e\u0930\u093e\u091c \u0965<\/h4>\n<p style=\"text-align: center\">The four-threaded Brahma Sutra<\/p>\n<p style=\"text-align: center\">\u0965 \u015a\u0101\u1e45karabh\u0101\u1e63ya-nyayanir\u1e47aya Ratnaprabh\u0101 Lalit\u0101vy\u0101khy\u0101yutam\u0101t\u012bppa\u1e47abrahmas\u016btra.<\/p>\n<p style=\"text-align: center\">\u5350<\/p>\n<p style=\"text-align: center\">Govindaprasadin\u012b commentary on the great circle of Vidyav\u0101caspati. Shrimat Swami Vishnudevananda Giriji Maharaj \u0965<\/p>\n<p style=\"text-align: center\">\u5350<\/p>\n<p style=\"text-align: center\">O Lord of the tenth seat of Kail\u0101sa, the \u0101c\u0101rya of the great universe, you are the explainer of Lalit\u0101, the \u0101c\u0101rya of all Vedanta and all philosophies. Shrimat Swami Vidyananda Giriji Maharaj \u0965<\/p>\n","protected":false},"excerpt":{"rendered":"<p>&nbsp;<\/p>\n<table>\n<tbody>\n<tr>\n<td>NAME:<\/td>\n<td><a href=\"https:\/\/divinecart.com\/?product=chatuhsutri-brahmasutram\">Chatuhsutri Brahmasutram\u00a0<\/a><\/td>\n<\/tr>\n<tr>\n<td>AUTHOR:<\/td>\n<td><a href=\"https:\/\/divinecart.com\/?product_cat=%e0%a4%b5%e0%a5%87%e0%a4%a6%e0%a4%be%e0%a4%82%e0%a4%a4-%e0%a4%b8%e0%a4%b0%e0%a5%8d%e0%a4%b5%e0%a4%a6%e0%a4%b0%e0%a5%8d%e0%a4%b6%e0%a4%a8%e0%a4%be%e0%a4%9a%e0%a4%be%e0%a4%b0%e0%a5%8d%e0%a4%af-%e0%a4%95\">\u0935\u0947\u0926\u093e\u0902\u0924 \u0938\u0930\u094d\u0935\u0926\u0930\u094d\u0936\u0928\u093e\u091a\u093e\u0930\u094d\u092f \u0915\u0948\u0932\u093e\u0938 \u092a\u0940\u0920\u093e\u0927\u0940\u0936\u094d\u0935\u0930 \u092e\u0939\u093e\u092e\u0902\u0921\u0932\u0947\u0936\u094d\u0935\u0930 \u0938\u094d\u0935\u093e\u092e\u0940 \u0935\u093f\u0926\u094d\u092f\u093e\u0928\u0902\u0926 \u0917\u093f\u0930\u093f\u091c\u0940 \u092e\u0939\u093e\u0930\u093e\u091c (Vedanta Sarvadarshanacharya Kailas Peethadhishwara Mahamandaleshwara Swami Vidyananda Giriji Maharaj) <\/a><\/td>\n<\/tr>\n<tr>\n<td>PUBLISHER:<\/td>\n<td><a href=\"https:\/\/divinecart.com\/?product_cat=%e0%a4%b6%e0%a5%8d%e0%a4%b0%e0%a5%80-%e0%a4%95%e0%a5%88%e0%a4%b2%e0%a4%be%e0%a4%b6-%e0%a4%86%e0%a4%b6%e0%a5%8d%e0%a4%b0%e0%a4%ae-%e0%a4%ac%e0%a5%8d%e0%a4%b0%e0%a4%b9%e0%a5%8d%e0%a4%ae%e0%a4%b5\">\u0936\u094d\u0930\u0940 \u0915\u0948\u0932\u093e\u0936 \u0906\u0936\u094d\u0930\u092e \u092c\u094d\u0930\u0939\u094d\u092e\u0935\u093f\u0927\u093e\u092a\u0940\u0920 (Shri Kailash Ashram Brahmavidhapith) <\/a><\/td>\n<\/tr>\n<tr>\n<td>LANGUAGE:<\/td>\n<td><a href=\"https:\/\/divinecart.com\/?product_cat=sanskrit\">Sanskrit <\/a>\u00a0TEXT WITH <a href=\"https:\/\/divinecart.com\/?product_cat=hindi\">Hindi <\/a>\u00a0TRANSLATION<\/td>\n<\/tr>\n<tr>\n<td>EDITION:<\/td>\n<td>2006<\/td>\n<\/tr>\n<tr>\n<td>PAGES:<\/td>\n<td>175<\/td>\n<\/tr>\n<tr>\n<td>COVER:<\/td>\n<td><a href=\"https:\/\/divinecart.com\/?product_tag=paperback-books\">Paperback books<\/a><\/td>\n<\/tr>\n<tr>\n<td>OTHER DETAILS:<\/td>\n<td>9.5INCH X 7INCH<\/td>\n<\/tr>\n<tr>\n<td>WEIGHT:<\/td>\n<td>320GM<\/td>\n<\/tr>\n<\/tbody>\n<\/table>\n<p>&nbsp;<\/p>\n","protected":false},"featured_media":25187,"comment_status":"open","ping_status":"closed","template":"","meta":[],"product_brand":[],"product_cat":[162,7,578,23,84,22,761],"product_tag":[773,1158,1157,1154,1156,754],"class_list":{"0":"post-25186","1":"product","2":"type-product","3":"status-publish","4":"has-post-thumbnail","6":"product_cat-adi-shankaracharya","7":"product_cat-books","8":"product_cat-brahmasutra-","9":"product_cat-hindi","10":"product_cat-sanskrit","11":"product_cat-vedanta","12":"product_cat-761","13":"product_tag-773","14":"product_tag-1158","15":"product_tag-1157","16":"product_tag-1154","17":"product_tag-1156","18":"product_tag-754","19":"product_shipping_class-indian-post","21":"first","22":"instock","23":"shipping-taxable","24":"purchasable","25":"product-type-simple"},"_links":{"self":[{"href":"https:\/\/divinecart.com\/index.php?rest_route=\/wp\/v2\/product\/25186","targetHints":{"allow":["GET"]}}],"collection":[{"href":"https:\/\/divinecart.com\/index.php?rest_route=\/wp\/v2\/product"}],"about":[{"href":"https:\/\/divinecart.com\/index.php?rest_route=\/wp\/v2\/types\/product"}],"replies":[{"embeddable":true,"href":"https:\/\/divinecart.com\/index.php?rest_route=%2Fwp%2Fv2%2Fcomments&post=25186"}],"version-history":[{"count":3,"href":"https:\/\/divinecart.com\/index.php?rest_route=\/wp\/v2\/product\/25186\/revisions"}],"predecessor-version":[{"id":25190,"href":"https:\/\/divinecart.com\/index.php?rest_route=\/wp\/v2\/product\/25186\/revisions\/25190"}],"wp:featuredmedia":[{"embeddable":true,"href":"https:\/\/divinecart.com\/index.php?rest_route=\/wp\/v2\/media\/25187"}],"wp:attachment":[{"href":"https:\/\/divinecart.com\/index.php?rest_route=%2Fwp%2Fv2%2Fmedia&parent=25186"}],"wp:term":[{"taxonomy":"product_brand","embeddable":true,"href":"https:\/\/divinecart.com\/index.php?rest_route=%2Fwp%2Fv2%2Fproduct_brand&post=25186"},{"taxonomy":"product_cat","embeddable":true,"href":"https:\/\/divinecart.com\/index.php?rest_route=%2Fwp%2Fv2%2Fproduct_cat&post=25186"},{"taxonomy":"product_tag","embeddable":true,"href":"https:\/\/divinecart.com\/index.php?rest_route=%2Fwp%2Fv2%2Fproduct_tag&post=25186"}],"curies":[{"name":"wp","href":"https:\/\/api.w.org\/{rel}","templated":true}]}}